{"id":354,"date":"2017-06-29T09:51:58","date_gmt":"2017-06-29T07:51:58","guid":{"rendered":"http:\/\/www.dmsvsz.hr\/?page_id=354"},"modified":"2021-07-05T22:35:48","modified_gmt":"2021-07-05T20:35:48","slug":"eu-projekt","status":"publish","type":"page","link":"https:\/\/www.projekt.dmsvsz.hr\/","title":{"rendered":"Naslovna"},"content":{"rendered":"\t\t<div data-elementor-type=\"wp-page\" data-elementor-id=\"354\" class=\"elementor elementor-354\" data-elementor-post-type=\"page\">\n\t\t\t\t\t\t<section class=\"elementor-section elementor-top-section elementor-element elementor-element-6864d88b elementor-section-boxed elementor-section-height-default elementor-section-height-default\" data-id=\"6864d88b\" data-element_type=\"section\" data-e-type=\"section\">\n\t\t\t\t\t\t<div class=\"elementor-container elementor-column-gap-default\">\n\t\t\t\t\t<div class=\"elementor-column elementor-col-100 elementor-top-column elementor-element elementor-element-399b34f8\" data-id=\"399b34f8\" data-element_type=\"column\" data-e-type=\"column\">\n\t\t\t<div class=\"elementor-widget-wrap elementor-element-populated\">\n\t\t\t\t\t\t<div class=\"elementor-element elementor-element-1479d30 elementor-widget elementor-widget-image\" data-id=\"1479d30\" data-element_type=\"widget\" data-e-type=\"widget\" data-widget_type=\"image.default\">\n\t\t\t\t<div class=\"elementor-widget-container\">\n\t\t\t\t\t\t\t\t\t\t\t\t\t\t\t<img fetchpriority=\"high\" decoding=\"async\" width=\"1024\" height=\"683\" src=\"https:\/\/www.projekt.dmsvsz.hr\/wp-content\/uploads\/2021\/07\/eu_projekt_fazaIII-1024x683.jpg\" class=\"attachment-large size-large wp-image-1680\" alt=\"\" srcset=\"https:\/\/www.projekt.dmsvsz.hr\/wp-content\/uploads\/2021\/07\/eu_projekt_fazaIII-1024x683.jpg 1024w, https:\/\/www.projekt.dmsvsz.hr\/wp-content\/uploads\/2021\/07\/eu_projekt_fazaIII-300x200.jpg 300w, https:\/\/www.projekt.dmsvsz.hr\/wp-content\/uploads\/2021\/07\/eu_projekt_fazaIII-768x512.jpg 768w, https:\/\/www.projekt.dmsvsz.hr\/wp-content\/uploads\/2021\/07\/eu_projekt_fazaIII.jpg 1200w\" sizes=\"(max-width: 1024px) 100vw, 1024px\" \/>\t\t\t\t\t\t\t\t\t\t\t\t\t\t\t<\/div>\n\t\t\t\t<\/div>\n\t\t\t\t<div class=\"elementor-element elementor-element-da9cd33 elementor-widget elementor-widget-image\" data-id=\"da9cd33\" data-element_type=\"widget\" data-e-type=\"widget\" data-widget_type=\"image.default\">\n\t\t\t\t<div class=\"elementor-widget-container\">\n\t\t\t\t\t\t\t\t\t\t\t\t\t\t\t<img decoding=\"async\" width=\"1024\" height=\"526\" src=\"https:\/\/www.projekt.dmsvsz.hr\/wp-content\/uploads\/2021\/07\/projekt_EU_strana2-1024x526.jpg\" class=\"attachment-large size-large wp-image-1681\" alt=\"\" srcset=\"https:\/\/www.projekt.dmsvsz.hr\/wp-content\/uploads\/2021\/07\/projekt_EU_strana2-1024x526.jpg 1024w, https:\/\/www.projekt.dmsvsz.hr\/wp-content\/uploads\/2021\/07\/projekt_EU_strana2-300x154.jpg 300w, https:\/\/www.projekt.dmsvsz.hr\/wp-content\/uploads\/2021\/07\/projekt_EU_strana2-768x394.jpg 768w, https:\/\/www.projekt.dmsvsz.hr\/wp-content\/uploads\/2021\/07\/projekt_EU_strana2.jpg 1200w\" sizes=\"(max-width: 1024px) 100vw, 1024px\" \/>\t\t\t\t\t\t\t\t\t\t\t\t\t\t\t<\/div>\n\t\t\t\t<\/div>\n\t\t\t\t<div class=\"elementor-element elementor-element-46ff1027 elementor-widget elementor-widget-text-editor\" data-id=\"46ff1027\" data-element_type=\"widget\" data-e-type=\"widget\" data-widget_type=\"text-editor.default\">\n\t\t\t\t<div class=\"elementor-widget-container\">\n\t\t\t\t\t\t\t\t\t<p><strong>\u201eRazvoj usluge osobne asistencije za osobe s invaliditetom &#8211; FAZA III u Vukovarsko-srijemskoj \u017eupaniji\u201c<\/strong><br><br>Operativni program: U\u010dinkoviti ljudski potencijali 2014. &#8211; 2020.<br><br><b>OP\u0106I CILJ PROJEKTA: <\/b>Pove\u0107ati socijalnu uklju\u010denost, unaprijediti kvalitetu \u017eivota osobama s najte\u017eom vrstom i stupnjem invaliditeta kroz pru\u017eanje usluge osobne asistencije i pove\u0107anje kvalitete osobne asistencije.<\/p>\n<p>Projekt izravno doprinosi ispunjenju specifi\u010dnog cilja kroz pru\u017eanje osobne usluge asistencije za 20 korisnika i zapo\u0161ljavanje 20 pru\u017eatelja usluge osobne asistencije.<\/p>\n<p><b>CILJANE SKUPINE: <\/b>Osobe oboljele od multiple skleroze s najte\u017eim stupnjem invalidnosti u dobi od 18 do 65 godina<\/p>\n<p><strong>Ukupna vrijednost projekta <\/strong>iznosi 1.998.927,20 kn od koji iznos EU potpore iznosi 1.998.927,20 kn u sklopu trajanja projekta od 20 mjeseci.<\/p>\n<p><strong>Elementi projekta<\/strong> su pru\u017eanje usluge osobne asitencije osobama s invaliditetom, promid\u017eba i vidljivost, upravljanje projektom i administracijom.<br><br><strong>Kontakt osoba: <\/strong>Vera Olja\u010da<br>Kontakt telefoni: 032\/303-883 \/&nbsp;Mobitel: 095\/303-8830 ili 095\/303-8831<br><br>www: <a href=\"http:\/\/www.strukturnifondovi.hr\">www.strukturnifondovi.hr<\/a>&nbsp; <br>www:&nbsp;<a href=\"http:\/\/www.esf.hr\">www.esf.hr<\/a><\/p>\t\t\t\t\t\t\t\t<\/div>\n\t\t\t\t<\/div>\n\t\t\t\t\t<\/div>\n\t\t<\/div>\n\t\t\t\t\t<\/div>\n\t\t<\/section>\n\t\t\t\t<\/div>\n\t\t","protected":false},"excerpt":{"rendered":"<p>\u201eRazvoj usluge osobne asistencije za osobe s invaliditetom &#8211; FAZA III u Vukovarsko-srijemskoj \u017eupaniji\u201c Operativni program: U\u010dinkoviti ljudski potencijali 2014. &#8211; 2020. OP\u0106I CILJ PROJEKTA: Pove\u0107ati socijalnu uklju\u010denost, unaprijediti kvalitetu&#8230;<\/p>\n<div class=\"more-link-wrapper\"><a class=\"more-link\" href=\"https:\/\/www.projekt.dmsvsz.hr\/\">Op\u0161irnije<span class=\"screen-reader-text\">Naslovna<\/span><\/a><\/div>\n","protected":false},"author":1,"featured_media":0,"parent":0,"menu_order":0,"comment_status":"closed","ping_status":"closed","template":"","meta":{"footnotes":""},"class_list":["post-354","page","type-page","status-publish","hentry","excerpt"],"_links":{"self":[{"href":"https:\/\/www.projekt.dmsvsz.hr\/index.php?rest_route=\/wp\/v2\/pages\/354","targetHints":{"allow":["GET"]}}],"collection":[{"href":"https:\/\/www.projekt.dmsvsz.hr\/index.php?rest_route=\/wp\/v2\/pages"}],"about":[{"href":"https:\/\/www.projekt.dmsvsz.hr\/index.php?rest_route=\/wp\/v2\/types\/page"}],"author":[{"embeddable":true,"href":"https:\/\/www.projekt.dmsvsz.hr\/index.php?rest_route=\/wp\/v2\/users\/1"}],"replies":[{"embeddable":true,"href":"https:\/\/www.projekt.dmsvsz.hr\/index.php?rest_route=%2Fwp%2Fv2%2Fcomments&post=354"}],"version-history":[{"count":25,"href":"https:\/\/www.projekt.dmsvsz.hr\/index.php?rest_route=\/wp\/v2\/pages\/354\/revisions"}],"predecessor-version":[{"id":1684,"href":"https:\/\/www.projekt.dmsvsz.hr\/index.php?rest_route=\/wp\/v2\/pages\/354\/revisions\/1684"}],"wp:attachment":[{"href":"https:\/\/www.projekt.dmsvsz.hr\/index.php?rest_route=%2Fwp%2Fv2%2Fmedia&parent=354"}],"curies":[{"name":"wp","href":"https:\/\/api.w.org\/{rel}","templated":true}]}}